{"id":30098,"date":"2021-10-14T15:46:36","date_gmt":"2021-10-14T13:46:36","guid":{"rendered":"https:\/\/staging-thcontainers.c.wetopi.com\/privacy-policy\/"},"modified":"2025-09-29T17:05:33","modified_gmt":"2025-09-29T15:05:33","slug":"privacy-policy","status":"publish","type":"page","link":"https:\/\/thcontainers.es\/it\/privacy-policy\/","title":{"rendered":"Privacy policy"},"content":{"rendered":"\t\t<div data-elementor-type=\"wp-page\" data-elementor-id=\"30098\" class=\"elementor elementor-30098 elementor-38\" data-elementor-post-type=\"page\">\n\t\t\t\t\t\t<section class=\"elementor-section elementor-top-section elementor-element elementor-element-2a2d5a6 elementor-section-boxed elementor-section-height-default elementor-section-height-default\" data-id=\"2a2d5a6\" data-element_type=\"section\" data-e-type=\"section\">\n\t\t\t\t\t\t<div class=\"elementor-container elementor-column-gap-default\">\n\t\t\t\t\t<div class=\"elementor-column elementor-col-100 elementor-top-column elementor-element elementor-element-df761fc\" data-id=\"df761fc\" data-element_type=\"column\" data-e-type=\"column\">\n\t\t\t<div class=\"elementor-widget-wrap elementor-element-populated\">\n\t\t\t\t\t\t<div class=\"elementor-element elementor-element-df8cc25 elementor-widget elementor-widget-heading\" data-id=\"df8cc25\" data-element_type=\"widget\" data-e-type=\"widget\" data-widget_type=\"heading.default\">\n\t\t\t\t<div class=\"elementor-widget-container\">\n\t\t\t\t\t<h2 class=\"elementor-heading-title elementor-size-default\">Privacy policy<\/h2>\t\t\t\t<\/div>\n\t\t\t\t<\/div>\n\t\t\t\t\t<\/div>\n\t\t<\/div>\n\t\t\t\t\t<\/div>\n\t\t<\/section>\n\t\t\t\t<section class=\"elementor-section elementor-top-section elementor-element elementor-element-8006250 elementor-section-boxed elementor-section-height-default elementor-section-height-default\" data-id=\"8006250\" data-element_type=\"section\" data-e-type=\"section\">\n\t\t\t\t\t\t<div class=\"elementor-container elementor-column-gap-default\">\n\t\t\t\t\t<div class=\"elementor-column elementor-col-100 elementor-top-column elementor-element elementor-element-46da4cf\" data-id=\"46da4cf\" data-element_type=\"column\" data-e-type=\"column\">\n\t\t\t<div class=\"elementor-widget-wrap elementor-element-populated\">\n\t\t\t\t\t\t<div class=\"elementor-element elementor-element-4757770 elementor-widget elementor-widget-text-editor\" data-id=\"4757770\" data-element_type=\"widget\" data-e-type=\"widget\" data-widget_type=\"text-editor.default\">\n\t\t\t\t<div class=\"elementor-widget-container\">\n\t\t\t\t\t\t\t\t\t<p>In ottemperanza al Regolamento (UE) 2016\/679 (Regolamento generale sulla protezione dei dati) e ai relativi regolamenti attuativi, Le forniamo le seguenti informazioni di interesse in relazione al trattamento dei Suoi dati personali:<\/p><p><b>I. RESPONSABILE DEL TRATTAMENTO:<\/b><br>I tuoi dati saranno trattati da<b> TH PACKAGING SUPPLY, SL, CIF B67613489,<\/b> con indirizzo <b>Avda. Sant Juli\u00e0, 125-127 Nave,08403 Barcelona<\/b>, <a href=\"mailto:info@thcontainers.es\">info@thcontainers.es<\/a><\/p><p><b>II. FINALIT\u00c0 DEL TRATTAMENTO E LEGITTIMAZIONE:<\/b><br><b>TH PACKAGING SUPPLY, SL,<\/b> La informa che utilizzer\u00e0 i Suoi dati solo per scopi legittimi, come ad esempio:<\/p><p>\u2022 Adempimento del nostro rapporto contrattuale e\/o commerciale: i Suoi dati verranno trattati al fine di mantenere ed adempiere agli obblighi derivanti dal nostro rapporto contrattuale e\/o commerciale.<br>&#8211; Adempimento di obblighi legali (Agenzia delle Entrate, azioni legali, ecc.)<br>&#8211; Invio di comunicazioni informative su possibili incidenti o violazioni della sicurezza informatica.<br>Per qualsiasi altro scopo da te preventivamente ed espressamente autorizzato, come ad esempio:<br>&#8211; Invio di offerte commerciali e promozioni sui nostri prodotti e\/o servizi.<br>\u2022 Per il trasferimento dei Suoi dati a societ\u00e0 del gruppo di cui abbiamo precedentemente informato.<br>&#8211; Per inviarti offerte e promozioni di altre societ\u00e0 del gruppo di cui ti abbiamo precedentemente informato<br>&#8211; Per partecipare ai processi di selezione del personale svolti da questa entit\u00e0 se ci hai inviato il tuo curriculum vitae o se ti sei iscritto ai processi di selezione.<br>\u2022 Preparare un profilo commerciale sulla base delle informazioni da Lei fornite al fine di mostrarLe o inviarLe pubblicit\u00e0 personalizzata in base alle Sue abitudini di consumo e\/o preferenze. Tale profilo pu\u00f2 essere effettuato tramite cookie o qualsiasi altro mezzo. In ogni caso, non saranno prese decisioni automatizzate sulla base di detto profilo che producano effetti legali o significativi per Lei.<\/p><p><b>III. A CHI FORNIREMO I SUOI DATI?:<\/b><br>I Suoi dati potranno essere trasferiti o comunicati a quegli enti o amministrazioni strettamente necessari per poter fornire i servizi appaltati o mantenere il rapporto commerciale liberamente accettato, a quegli enti o amministrazioni a cui abbiamo l&#8217;obbligo di farlo in ottemperanza ad eventuali leggi, nonch\u00e9 quelle entit\u00e0 o amministrazioni a cui ci ha espressamente autorizzato.<\/p><p><b>IV. PERIODO DI CONSERVAZIONE DEI SUOI DATI:<\/b><br>I Suoi dati saranno conservati per tutta la durata del nostro rapporto contrattuale e\/o commerciale, il tempo necessario per adempiere ai corrispondenti obblighi di legge, e il termine di prescrizione per le relative azioni legali. In ogni caso, procederemo alla cancellazione dei Suoi dati quando ne richieder\u00e0 la cancellazione nei termini previsti dalla Legge.<\/p><p><b>V. I SUOI DIRITTI::<\/b><br>Pu\u00f2 esercitare uno dei seguenti diritti inviando una richiesta scritta insieme a una fotocopia del Suo documento d\u2019identit\u00e0 \/ passaporto al seguente indirizzo: <b>TH PACKAGING SUPPLY, SL, CIF B67613489,<\/b> con indirizzo in <b>Avda. Sant Juli\u00e0, 125-127 Nave,08403 Barcelona,<\/b> <a style=\"background-color: #ffffff;\" href=\"mailto:info@thcontainers.es\">info@thcontainers.es<\/a><br>Informazioni: puoi chiederci di informarti se trattiamo i tuoi dati personali.<\/p><p>\u2022 Accesso: pu\u00f2 chiedere di essere informato sui dati personali che abbiamo incluso nei nostri file e sugli scopi per i quali sono stati raccolti.<br>\u2022 Rettifica: pu\u00f2 chiedere di modificare i Suoi dati personali quando sono imprecisi, nonch\u00e9 di completare quelli incompleti.<br>\u2022 Cancellazione: pu\u00f2 chiedere di cancellare i Suoi dati personali quando, tra le altre ragioni, ritira il Suo consenso e i dati non sono pi\u00f9 necessari per gli scopi per i quali sono stati raccolti.<br>\u2022 Opposizione: pu\u00f2 richiedere che i Suoi dati personali non vengano elaborati.<br>\u2022 Diritto di limitazione: pu\u00f2 richiedere la limitazione del trattamento dei Suoi dati quando \u00e8 soddisfatta una delle seguenti condizioni:<\/p><p><b>a)<\/b> l\u2019interessato contesta l\u2019esattezza dei dati personali e mentre si sta verificando l\u2019esattezza dei dati personali.<br><b>b)<\/b> il trattamento \u00e8 illecito e l\u2019interessato si oppone alla cancellazione dei dati personali e chiede invece la limitazione del loro utilizzo;<br><b>c)<\/b> il responsabile del trattamento non ha pi\u00f9 bisogno dei dati personali per le finalit\u00e0 del trattamento, ma l\u2019interessato ne ha bisogno per l\u2019accertamento, l\u2019esercizio o la difesa di diritti;<br><b>d)<\/b> l\u2019interessato si \u00e8 opposto al trattamento mentre si sta verificando se i motivi legittimi del responsabile del trattamento prevalgono su quelli dell\u2019interessato.<\/p><p>\u2022 Diritto alla portabilit\u00e0: avr\u00e0 il diritto di ricevere i dati che ci ha fornito in un formato strutturato, di uso comune e leggibile da dispositivo automatico, purch\u00e9 automatizzato, nonch\u00e9 di trasmetterli a un altro responsabile. <\/p><p><b>VI. MINORI E DISABILI:<\/b><br>In caso di persone di et\u00e0 inferiore a 16 anni o incapaci, il padre, la madre o il tutore del minore o dell&#8217;incapace deve prestare il consenso al trattamento dei dati personali.<\/p><p>VII<b>. MISURE DI SICUREZZA:<\/b><br>In conformit\u00e0 con la legislazione vigente, <b>TH PACKAGING SUPPLY<\/b>, SL si impegna ad attuare le misure tecniche e organizzative necessarie in ogni momento per garantire la sicurezza dei suoi dati e prevenirne l&#8217;alterazione, la perdita o il trattamento non autorizzato.<\/p><p><b>VIII. POLITICA DEI COOKIE:<\/b><br><b>TH PACKAGING SUPPLY, SL<\/b> utilizza i cookie che verranno memorizzati sul Suo computer. I cookie sono piccoli file che il nostro computer invia al Suo, ma non ci forniscono informazioni sul Suo nome o sui Suoi dati personali. I cookie che utilizziamo non possono leggere i dati dal tuo computer o leggere i cookie esistenti sul tuo computer.<br>Quando l&#8217;utente naviga sul nostro sito web, il server su cui \u00e8 ospitato riconosce automaticamente l&#8217;indirizzo IP del tuo computer, il giorno e l&#8217;ora in cui inizia la visita, il momento in cui la lasci, oltre alle informazioni sulle diverse sezioni consultate. \u00c8 necessario che il server conosca questi dati per poter comunicare e inviarti la richiesta fatta e che possa essere visualizzata sullo schermo attraverso il browser, pertanto \u00e8 necessario che i cookie siano attivati nel tuo browser per poter utilizzare alcuni servizi del sito web.<br>Se lo desideri, puoi configurare il tuo browser in modo che ti avverta sullo schermo se stai per ricevere un cookie.  L&#8217;utente pu\u00f2 configurare il proprio computer in modo che non riceva questi cookie, ma ci\u00f2 impedir\u00e0 l&#8217;utilizzo di determinati servizi sul web.<\/p><p><b>IX. PROTEZIONE CONTRO LO SPAM CON GOOGLE reCAPTCHA <\/b><\/p><p>Per proteggere i moduli di contatto di questo sito web dagli invii automatizzati di spam, utilizziamo il servizio <strong>Google reCAPTCHA<\/strong>, fornito da Google LLC. Questo servizio analizza le interazioni degli utenti con la pagina per determinare se si tratta di una persona fisica o di un bot automatizzato. La raccolta di informazioni da parte di Google include, tra l&#8217;altro, dati come l&#8217;indirizzo IP, il tempo che l&#8217;utente rimane sulla pagina o i movimenti del mouse e del cursore.<\/p><p>Il trattamento di questi dati viene effettuato conformemente alla <strong>Politica di Privacy di Google <\/strong>e ai suoi <strong>Termini di Servizio<\/strong>, disponibili ai seguenti link:<\/p><ul><li><a href=\"https:\/\/policies.google.com\/privacy\" target=\"_blank\" rel=\"noopener\">https:\/\/policies.google.com\/privacy<\/a><\/li><li><a href=\"https:\/\/policies.google.com\/terms\" target=\"_blank\" rel=\"noopener\">https:\/\/policies.google.com\/terms<\/a><\/li><\/ul><p>L&#8217;uso di reCAPTCHA \u00e8 necessario per garantire la sicurezza del nostro sito web e prevenire abusi nei moduli di contatto.<\/p>\t\t\t\t\t\t\t\t<\/div>\n\t\t\t\t<\/div>\n\t\t\t\t\t<\/div>\n\t\t<\/div>\n\t\t\t\t\t<\/div>\n\t\t<\/section>\n\t\t\t\t<\/div>\n\t\t","protected":false},"excerpt":{"rendered":"<p>Privacy policy In ottemperanza al Regolamento (UE) 2016\/679 (Regolamento generale sulla protezione dei dati) e ai relativi regolamenti attuativi, Le forniamo le seguenti informazioni di interesse in relazione al trattamento dei Suoi dati personali: I. RESPONSABILE DEL TRATTAMENTO:I tuoi dati saranno trattati da TH PACKAGING SUPPLY, SL, CIF B67613489, con indirizzo Avda. Sant Juli\u00e0, 125-127 [&hellip;]<\/p>\n","protected":false},"author":1,"featured_media":0,"parent":0,"menu_order":0,"comment_status":"closed","ping_status":"open","template":"elementor_header_footer","meta":{"_acf_changed":false,"footnotes":""},"class_list":["post-30098","page","type-page","status-publish","hentry"],"acf":[],"_links":{"self":[{"href":"https:\/\/thcontainers.es\/it\/wp-json\/wp\/v2\/pages\/30098","targetHints":{"allow":["GET"]}}],"collection":[{"href":"https:\/\/thcontainers.es\/it\/wp-json\/wp\/v2\/pages"}],"about":[{"href":"https:\/\/thcontainers.es\/it\/wp-json\/wp\/v2\/types\/page"}],"author":[{"embeddable":true,"href":"https:\/\/thcontainers.es\/it\/wp-json\/wp\/v2\/users\/1"}],"replies":[{"embeddable":true,"href":"https:\/\/thcontainers.es\/it\/wp-json\/wp\/v2\/comments?post=30098"}],"version-history":[{"count":0,"href":"https:\/\/thcontainers.es\/it\/wp-json\/wp\/v2\/pages\/30098\/revisions"}],"wp:attachment":[{"href":"https:\/\/thcontainers.es\/it\/wp-json\/wp\/v2\/media?parent=30098"}],"curies":[{"name":"wp","href":"https:\/\/api.w.org\/{rel}","templated":true}]}}