{"id":36265,"date":"2025-10-10T16:12:40","date_gmt":"2025-10-10T14:12:40","guid":{"rendered":"https:\/\/staging-thcontainers.c.wetopi.com\/?post_type=product&#038;p=36265"},"modified":"2026-02-02T17:56:00","modified_gmt":"2026-02-02T16:56:00","slug":"bustine-ziplock-riga-verde-60-micron","status":"publish","type":"product","link":"https:\/\/thcontainers.es\/it\/producto\/bustine-ziplock-riga-verde-60-micron\/","title":{"rendered":"Bustine Ziplock Green Line da 60 micron"},"content":{"rendered":"<p>Realizzate al 100% con plastica vergine LDPE di qualit\u00e0 alimentare e senza odori.<\/p>\n<p>7 misure disponibili: 40x60mm, 55x65mm, 60\u00d780, 80x60mm, 70x100mm, 80x120mm e 100x70mm.<\/p>\n<p>Si distribuiscono in scatole di 10000 unit\u00e0 contenenti pacchi di 2000 unit\u00e0, contenenti a loro volta pacchi di 100 unit\u00e0.<\/p>\n<p>Resistenti, riutilizzabili e 100% riciclabili.<\/p>\n","protected":false},"excerpt":{"rendered":"<table class=\"product-specs-table\">\n<tbody>\n<tr>\n<th>Materiale:<\/th>\n<td> Plastica LDPE<\/td>\n<\/tr>\n<tr>\n<th>Spessore:<\/th>\n<td>60 Micron<\/td>\n<\/tr>\n<tr>\n<th>Colore:<\/th>\n<td>Trasparente con linea verde stampata<\/td>\n<\/tr>\n<tr>\n<th>Quantit\u00e0:<\/th>\n<td>Scatole master da 10.000 unit\u00e0 con 5 scatole da 2.000 unit\u00e0 all&#8217;interno.<\/td>\n<\/tr>\n<\/tbody>\n<\/table>\n","protected":false},"featured_media":39069,"template":"","meta":{"_acf_changed":false},"product_brand":[],"product_cat":[639,680],"product_tag":[],"class_list":{"0":"post-36265","1":"product","2":"type-product","3":"status-publish","4":"has-post-thumbnail","6":"product_cat-ziplock-it","7":"product_cat-bustine","9":"first","10":"instock","11":"taxable","12":"shipping-taxable","13":"purchasable","14":"product-type-variable"},"acf":[],"_links":{"self":[{"href":"https:\/\/thcontainers.es\/it\/wp-json\/wp\/v2\/product\/36265","targetHints":{"allow":["GET"]}}],"collection":[{"href":"https:\/\/thcontainers.es\/it\/wp-json\/wp\/v2\/product"}],"about":[{"href":"https:\/\/thcontainers.es\/it\/wp-json\/wp\/v2\/types\/product"}],"wp:featuredmedia":[{"embeddable":true,"href":"https:\/\/thcontainers.es\/it\/wp-json\/wp\/v2\/media\/39069"}],"wp:attachment":[{"href":"https:\/\/thcontainers.es\/it\/wp-json\/wp\/v2\/media?parent=36265"}],"wp:term":[{"taxonomy":"product_brand","embeddable":true,"href":"https:\/\/thcontainers.es\/it\/wp-json\/wp\/v2\/product_brand?post=36265"},{"taxonomy":"product_cat","embeddable":true,"href":"https:\/\/thcontainers.es\/it\/wp-json\/wp\/v2\/product_cat?post=36265"},{"taxonomy":"product_tag","embeddable":true,"href":"https:\/\/thcontainers.es\/it\/wp-json\/wp\/v2\/product_tag?post=36265"}],"curies":[{"name":"wp","href":"https:\/\/api.w.org\/{rel}","templated":true}]}}